{"id":2,"date":"2021-05-10T22:24:32","date_gmt":"2021-05-10T20:24:32","guid":{"rendered":"http:\/\/lucasreverdy.fr\/?page_id=2"},"modified":"2021-09-12T22:54:25","modified_gmt":"2021-09-12T20:54:25","slug":"social-media-manager","status":"publish","type":"page","link":"https:\/\/lucasreverdy.fr\/","title":{"rendered":"Accueil"},"content":{"rendered":"\n<p>Bonjour, je m&rsquo;appelle Lucas Reverdy !<\/p>\n","protected":false},"excerpt":{"rendered":"<p>Bonjour, je m&rsquo;appelle Lucas Reverdy !<\/p>\n","protected":false},"author":1,"featured_media":0,"parent":0,"menu_order":0,"comment_status":"closed","ping_status":"closed","template":"","meta":[],"yoast_head":"<!-- This site is optimized with the Yoast SEO plugin v17.1 - https:\/\/yoast.com\/wordpress\/plugins\/seo\/ -->\n<title>Accueil - Lucas Reverdy<\/title>\n<meta name=\"description\" content=\"Social Media Manager. Je suis sp\u00e9cialis\u00e9 en publicit\u00e9s digitales et marketing. Je travaille sur toutes les plateformes des r\u00e9seaux sociaux telles que Facebook, Instagram, LinkedIn, Twitter, TikTok, Snapchat ou Spotify.\" \/>\n<meta name=\"robots\" content=\"index, follow, max-snippet:-1, max-image-preview:large, max-video-preview:-1\" \/>\n<link rel=\"canonical\" href=\"https:\/\/lucasreverdy.fr\/\" \/>\n<meta property=\"og:locale\" content=\"fr_FR\" \/>\n<meta property=\"og:type\" content=\"article\" \/>\n<meta property=\"og:title\" content=\"Accueil - Lucas Reverdy\" \/>\n<meta property=\"og:description\" content=\"Social Media Manager. Je suis sp\u00e9cialis\u00e9 en publicit\u00e9s digitales et marketing. Je travaille sur toutes les plateformes des r\u00e9seaux sociaux telles que Facebook, Instagram, LinkedIn, Twitter, TikTok, Snapchat ou Spotify.\" \/>\n<meta property=\"og:url\" content=\"https:\/\/lucasreverdy.fr\/\" \/>\n<meta property=\"og:site_name\" content=\"Lucas Reverdy\" \/>\n<meta property=\"article:modified_time\" content=\"2021-09-12T20:54:25+00:00\" \/>\n<meta name=\"twitter:card\" content=\"summary_large_image\" \/>\n<meta name=\"twitter:label1\" content=\"Dur\u00e9e de lecture est.\" \/>\n\t<meta name=\"twitter:data1\" content=\"1 minute\" \/>\n<script type=\"application\/ld+json\" class=\"yoast-schema-graph\">{\"@context\":\"https:\/\/schema.org\",\"@graph\":[{\"@type\":\"WebSite\",\"@id\":\"https:\/\/lucasreverdy.fr\/#website\",\"url\":\"https:\/\/lucasreverdy.fr\/\",\"name\":\"Lucas Reverdy\",\"description\":\"\",\"potentialAction\":[{\"@type\":\"SearchAction\",\"target\":{\"@type\":\"EntryPoint\",\"urlTemplate\":\"https:\/\/lucasreverdy.fr\/?s={search_term_string}\"},\"query-input\":\"required name=search_term_string\"}],\"inLanguage\":\"fr-FR\"},{\"@type\":\"WebPage\",\"@id\":\"https:\/\/lucasreverdy.fr\/#webpage\",\"url\":\"https:\/\/lucasreverdy.fr\/\",\"name\":\"Accueil - Lucas Reverdy\",\"isPartOf\":{\"@id\":\"https:\/\/lucasreverdy.fr\/#website\"},\"datePublished\":\"2021-05-10T20:24:32+00:00\",\"dateModified\":\"2021-09-12T20:54:25+00:00\",\"description\":\"Social Media Manager. Je suis sp\\u00e9cialis\\u00e9 en publicit\\u00e9s digitales et marketing. Je travaille sur toutes les plateformes des r\\u00e9seaux sociaux telles que Facebook, Instagram, LinkedIn, Twitter, TikTok, Snapchat ou Spotify.\",\"breadcrumb\":{\"@id\":\"https:\/\/lucasreverdy.fr\/#breadcrumb\"},\"inLanguage\":\"fr-FR\",\"potentialAction\":[{\"@type\":\"ReadAction\",\"target\":[\"https:\/\/lucasreverdy.fr\/\"]}]},{\"@type\":\"BreadcrumbList\",\"@id\":\"https:\/\/lucasreverdy.fr\/#breadcrumb\",\"itemListElement\":[{\"@type\":\"ListItem\",\"position\":1,\"name\":\"Home\",\"item\":\"https:\/\/lucasreverdy.fr\/\"},{\"@type\":\"ListItem\",\"position\":2,\"name\":\"Accueil\"}]}]}<\/script>\n<!-- \/ Yoast SEO plugin. -->","yoast_head_json":{"title":"Accueil - Lucas Reverdy","description":"Social Media Manager. Je suis sp\u00e9cialis\u00e9 en publicit\u00e9s digitales et marketing. Je travaille sur toutes les plateformes des r\u00e9seaux sociaux telles que Facebook, Instagram, LinkedIn, Twitter, TikTok, Snapchat ou Spotify.","robots":{"index":"index","follow":"follow","max-snippet":"max-snippet:-1","max-image-preview":"max-image-preview:large","max-video-preview":"max-video-preview:-1"},"canonical":"https:\/\/lucasreverdy.fr\/","og_locale":"fr_FR","og_type":"article","og_title":"Accueil - Lucas Reverdy","og_description":"Social Media Manager. Je suis sp\u00e9cialis\u00e9 en publicit\u00e9s digitales et marketing. Je travaille sur toutes les plateformes des r\u00e9seaux sociaux telles que Facebook, Instagram, LinkedIn, Twitter, TikTok, Snapchat ou Spotify.","og_url":"https:\/\/lucasreverdy.fr\/","og_site_name":"Lucas Reverdy","article_modified_time":"2021-09-12T20:54:25+00:00","twitter_card":"summary_large_image","twitter_misc":{"Dur\u00e9e de lecture est.":"1 minute"},"schema":{"@context":"https:\/\/schema.org","@graph":[{"@type":"WebSite","@id":"https:\/\/lucasreverdy.fr\/#website","url":"https:\/\/lucasreverdy.fr\/","name":"Lucas Reverdy","description":"","potentialAction":[{"@type":"SearchAction","target":{"@type":"EntryPoint","urlTemplate":"https:\/\/lucasreverdy.fr\/?s={search_term_string}"},"query-input":"required name=search_term_string"}],"inLanguage":"fr-FR"},{"@type":"WebPage","@id":"https:\/\/lucasreverdy.fr\/#webpage","url":"https:\/\/lucasreverdy.fr\/","name":"Accueil - Lucas Reverdy","isPartOf":{"@id":"https:\/\/lucasreverdy.fr\/#website"},"datePublished":"2021-05-10T20:24:32+00:00","dateModified":"2021-09-12T20:54:25+00:00","description":"Social Media Manager. Je suis sp\u00e9cialis\u00e9 en publicit\u00e9s digitales et marketing. Je travaille sur toutes les plateformes des r\u00e9seaux sociaux telles que Facebook, Instagram, LinkedIn, Twitter, TikTok, Snapchat ou Spotify.","breadcrumb":{"@id":"https:\/\/lucasreverdy.fr\/#breadcrumb"},"inLanguage":"fr-FR","potentialAction":[{"@type":"ReadAction","target":["https:\/\/lucasreverdy.fr\/"]}]},{"@type":"BreadcrumbList","@id":"https:\/\/lucasreverdy.fr\/#breadcrumb","itemListElement":[{"@type":"ListItem","position":1,"name":"Home","item":"https:\/\/lucasreverdy.fr\/"},{"@type":"ListItem","position":2,"name":"Accueil"}]}]}},"_links":{"self":[{"href":"https:\/\/lucasreverdy.fr\/index.php\/wp-json\/wp\/v2\/pages\/2"}],"collection":[{"href":"https:\/\/lucasreverdy.fr\/index.php\/wp-json\/wp\/v2\/pages"}],"about":[{"href":"https:\/\/lucasreverdy.fr\/index.php\/wp-json\/wp\/v2\/types\/page"}],"author":[{"embeddable":true,"href":"https:\/\/lucasreverdy.fr\/index.php\/wp-json\/wp\/v2\/users\/1"}],"replies":[{"embeddable":true,"href":"https:\/\/lucasreverdy.fr\/index.php\/wp-json\/wp\/v2\/comments?post=2"}],"version-history":[{"count":3,"href":"https:\/\/lucasreverdy.fr\/index.php\/wp-json\/wp\/v2\/pages\/2\/revisions"}],"predecessor-version":[{"id":39,"href":"https:\/\/lucasreverdy.fr\/index.php\/wp-json\/wp\/v2\/pages\/2\/revisions\/39"}],"wp:attachment":[{"href":"https:\/\/lucasreverdy.fr\/index.php\/wp-json\/wp\/v2\/media?parent=2"}],"curies":[{"name":"wp","href":"https:\/\/api.w.org\/{rel}","templated":true}]}}